{"id":222,"date":"2021-08-23T10:51:45","date_gmt":"2021-08-23T08:51:45","guid":{"rendered":"https:\/\/web.danielafinke.de\/?page_id=222"},"modified":"2021-08-25T10:16:45","modified_gmt":"2021-08-25T08:16:45","slug":"behind-the-scenes","status":"publish","type":"page","link":"https:\/\/danielafinke.de\/en\/behind-the-scenes\/","title":{"rendered":"Behind the scenes"},"content":{"rendered":"<h3> Daniela Finke \u2013 A Present from the Past<\/h3>\n<p class=\"post-excerpt\">In ihrer Werkserie A Present from the Past (\u201eEin Geschenk\/eine Gegenwart aus der Vergangenheit\u201c) widmet Finke sich der jahrhundertealten Faszination f\u00fcr die Spezies der Pfeilschwanzkrebse (Limulidae, auch Hufeisenkrebse oder Horseshoe crabs), deren fr\u00fcheste Fossilienfunde auf ein Alter von rund 450 Millionen Jahre gesch\u00e4tzt ..<\/p>\n<p><a href=\"https:\/\/web.danielafinke.de\/behind-the-scenes\/ded-limulus\/\">&#8230; mehr<\/a><\/p>\n","protected":false},"excerpt":{"rendered":"<p>Daniela Finke \u2013 A Present from the Past In ihrer Werkserie A Present from the Past (\u201eEin Geschenk\/eine Gegenwart aus der Vergangenheit\u201c) widmet Finke sich der jahrhundertealten Faszination f\u00fcr die Spezies der Pfeilschwanzkrebse (Limulidae, auch Hufeisenkrebse oder Horseshoe crabs), deren fr\u00fcheste Fossilienfunde auf ein Alter von rund 450 Millionen Jahre gesch\u00e4tzt .. &#8230; mehr<\/p>\n","protected":false},"author":3,"featured_media":0,"parent":0,"menu_order":3,"comment_status":"closed","ping_status":"closed","template":"","meta":{"footnotes":""},"class_list":["post-222","page","type-page","status-publish","hentry"],"_links":{"self":[{"href":"https:\/\/danielafinke.de\/en\/wp-json\/wp\/v2\/pages\/222","targetHints":{"allow":["GET"]}}],"collection":[{"href":"https:\/\/danielafinke.de\/en\/wp-json\/wp\/v2\/pages"}],"about":[{"href":"https:\/\/danielafinke.de\/en\/wp-json\/wp\/v2\/types\/page"}],"author":[{"embeddable":true,"href":"https:\/\/danielafinke.de\/en\/wp-json\/wp\/v2\/users\/3"}],"replies":[{"embeddable":true,"href":"https:\/\/danielafinke.de\/en\/wp-json\/wp\/v2\/comments?post=222"}],"version-history":[{"count":7,"href":"https:\/\/danielafinke.de\/en\/wp-json\/wp\/v2\/pages\/222\/revisions"}],"predecessor-version":[{"id":256,"href":"https:\/\/danielafinke.de\/en\/wp-json\/wp\/v2\/pages\/222\/revisions\/256"}],"wp:attachment":[{"href":"https:\/\/danielafinke.de\/en\/wp-json\/wp\/v2\/media?parent=222"}],"curies":[{"name":"wp","href":"https:\/\/api.w.org\/{rel}","templated":true}]}}