{"id":224,"date":"2021-08-23T10:53:54","date_gmt":"2021-08-23T08:53:54","guid":{"rendered":"https:\/\/web.danielafinke.de\/?page_id=224"},"modified":"2022-11-24T11:55:40","modified_gmt":"2022-11-24T10:55:40","slug":"ded-limulus","status":"publish","type":"page","link":"https:\/\/danielafinke.de\/en\/behind-the-scenes\/ded-limulus\/","title":{"rendered":"Limulus"},"content":{"rendered":"<p>Daniela Finke &#8211; A Present from the Past ich bin englisch<\/p>\n<p>Die Werkserie <em>A Present from the Past<\/em> erkundet die einpr\u00e4gsame Erscheinung der Pfeilschwanzkrebse (<em>Limulidae<\/em>, auch <em>Hufeisenkrebse<\/em> oder <em>Horseshoe crabs <\/em>genannt), einer Spezies, deren Alter auf 450 Millionen Jahre gesch\u00e4tzt wird und die heute vor allem in tropischen Gew\u00e4ssern, an der amerikanischen Atlantikk\u00fcste und in S\u00fcdostasien beheimatet ist. Ihre <em>alien<\/em>hafte Erscheinung mit dem stachelbewehrten Panzer und pfeilspitzartigen Schwanz l\u00e4sst die f\u00fcr den Menschen ungef\u00e4hrlichen Tiere wie bedrohliche Fabelwesen wirken. Dabei reicht ihre wissenschaftliche Erforschung und Ausbeutung in Europa bis an den Beginn des 17. Jahrhunderts zur\u00fcck. Ein aus dem bl\u00e4ulichen Blut der Tiere hergestellter Bakterientest geh\u00f6rt heute zu den medizinischen Standards, weshalb die Krebse zu den bedrohten Tierarten z\u00e4hlen. Versuche einer schonenden Gewinnung oder synthetischen Herstellung des Blutes haben daran wenig ge\u00e4ndert.<\/p>\n<p>In den unterschiedlich bearbeiteten und inszenierten Fotografien der Werkserie taucht die Kontur des Krebses immer wieder als stereotypes Zeichen auf, mit wechselnder, nie ganz klarer Bedeutung. Es steht f\u00fcr das Geheimnis und die Ungreifbarkeit der Herkunft von Limulus ebenso wie f\u00fcr seine wissenschaftliche, mythische oder individuelle Ausdeutung. Ob als Sternbild oder skarab\u00e4enhaftes Kleinod, als Schatten im Ozeanblau von Cyanotypien, das auf das begehrte blaue Blut der Pfeilschwanzkrebse verweist: Seziert, durchleuchtet und zerteilt offenbart dieser K\u00f6rper seine Andersheit: Wie konnte die Spezies so lange \u00fcberleben? Wie rezipieren diese Tiere mit ihren drei Augenpaaren die Welt der Gegenwart, in der sie nach Millionen Jahren ihres \u00dcberlebens vielleicht ihrer Ausl\u00f6schung entgegensehen?<\/p>\n<p>&nbsp;<\/p>\n<p><img loading=\"lazy\" decoding=\"async\" class=\"alignnone wp-image-668\" src=\"https:\/\/web.danielafinke.de\/wp-content\/uploads\/2022\/04\/N0_2-300x201.jpg\" alt=\"\" width=\"451\" height=\"302\" srcset=\"https:\/\/danielafinke.de\/wp-content\/uploads\/2022\/04\/N0_2-300x201.jpg 300w, https:\/\/danielafinke.de\/wp-content\/uploads\/2022\/04\/N0_2-280x188.jpg 280w, https:\/\/danielafinke.de\/wp-content\/uploads\/2022\/04\/N0_2-450x302.jpg 450w, https:\/\/danielafinke.de\/wp-content\/uploads\/2022\/04\/N0_2.jpg 491w\" sizes=\"auto, (max-width: 451px) 100vw, 451px\" \/><\/p>\n<p><img loading=\"lazy\" decoding=\"async\" class=\"alignnone wp-image-666\" src=\"https:\/\/web.danielafinke.de\/wp-content\/uploads\/2022\/04\/No_1-300x201.jpg\" alt=\"\" width=\"503\" height=\"337\" srcset=\"https:\/\/danielafinke.de\/wp-content\/uploads\/2022\/04\/No_1-300x201.jpg 300w, https:\/\/danielafinke.de\/wp-content\/uploads\/2022\/04\/No_1-280x188.jpg 280w, https:\/\/danielafinke.de\/wp-content\/uploads\/2022\/04\/No_1-450x302.jpg 450w, https:\/\/danielafinke.de\/wp-content\/uploads\/2022\/04\/No_1.jpg 491w\" sizes=\"auto, (max-width: 503px) 100vw, 503px\" \/><\/p>\n<p><img loading=\"lazy\" decoding=\"async\" class=\"alignnone wp-image-664\" src=\"https:\/\/web.danielafinke.de\/wp-content\/uploads\/2022\/04\/limulus-info2-300x200.jpg\" alt=\"\" width=\"527\" height=\"351\" srcset=\"https:\/\/danielafinke.de\/wp-content\/uploads\/2022\/04\/limulus-info2-300x200.jpg 300w, https:\/\/danielafinke.de\/wp-content\/uploads\/2022\/04\/limulus-info2-280x186.jpg 280w, https:\/\/danielafinke.de\/wp-content\/uploads\/2022\/04\/limulus-info2-450x300.jpg 450w, https:\/\/danielafinke.de\/wp-content\/uploads\/2022\/04\/limulus-info2.jpg 491w\" sizes=\"auto, (max-width: 527px) 100vw, 527px\" \/><\/p>\n<figure id=\"attachment_213\" aria-describedby=\"caption-attachment-213\" style=\"width: 622px\" class=\"wp-caption alignnone\"><img loading=\"lazy\" decoding=\"async\" class=\"wp-image-213\" src=\"https:\/\/web.danielafinke.de\/wp-content\/uploads\/2021\/08\/BtS_2_Microwave_copyright_DanielaFinke-300x240.jpg\" alt=\"\" width=\"622\" height=\"497\" \/><figcaption id=\"caption-attachment-213\" class=\"wp-caption-text\">Dehydrierung der Kadaver in der Mikrowelle<\/figcaption><\/figure>\n<figure id=\"attachment_215\" aria-describedby=\"caption-attachment-215\" style=\"width: 666px\" class=\"wp-caption alignnone\"><img loading=\"lazy\" decoding=\"async\" class=\"wp-image-215\" src=\"https:\/\/web.danielafinke.de\/wp-content\/uploads\/2021\/08\/BTS_3_Vorbereitung_copyright_DanielaFinke-300x240.jpg\" alt=\"\" width=\"666\" height=\"533\" \/><figcaption id=\"caption-attachment-215\" class=\"wp-caption-text\">Vorbereitung f\u00fcr die Sonnenbelichtung<\/figcaption><\/figure>\n<figure id=\"attachment_217\" aria-describedby=\"caption-attachment-217\" style=\"width: 758px\" class=\"wp-caption alignnone\"><img loading=\"lazy\" decoding=\"async\" class=\"wp-image-217\" src=\"https:\/\/web.danielafinke.de\/wp-content\/uploads\/2021\/08\/BTS_4_Set_copyright_DanielaFinke-819x1024.jpg\" alt=\"\" width=\"758\" height=\"947\" \/><figcaption id=\"caption-attachment-217\" class=\"wp-caption-text\">Blue Prints<\/figcaption><\/figure>\n","protected":false},"excerpt":{"rendered":"<p>Daniela Finke &#8211; A Present from the Past ich bin englisch Die Werkserie A Present from the Past erkundet die einpr\u00e4gsame Erscheinung der Pfeilschwanzkrebse (Limulidae, auch Hufeisenkrebse oder Horseshoe crabs genannt), einer Spezies, deren Alter auf 450 Millionen Jahre gesch\u00e4tzt wird und die heute vor allem in tropischen Gew\u00e4ssern, an der amerikanischen Atlantikk\u00fcste und in &#8230; <\/p>\n","protected":false},"author":3,"featured_media":0,"parent":222,"menu_order":5,"comment_status":"closed","ping_status":"closed","template":"","meta":{"footnotes":""},"class_list":["post-224","page","type-page","status-publish","hentry"],"_links":{"self":[{"href":"https:\/\/danielafinke.de\/en\/wp-json\/wp\/v2\/pages\/224","targetHints":{"allow":["GET"]}}],"collection":[{"href":"https:\/\/danielafinke.de\/en\/wp-json\/wp\/v2\/pages"}],"about":[{"href":"https:\/\/danielafinke.de\/en\/wp-json\/wp\/v2\/types\/page"}],"author":[{"embeddable":true,"href":"https:\/\/danielafinke.de\/en\/wp-json\/wp\/v2\/users\/3"}],"replies":[{"embeddable":true,"href":"https:\/\/danielafinke.de\/en\/wp-json\/wp\/v2\/comments?post=224"}],"version-history":[{"count":31,"href":"https:\/\/danielafinke.de\/en\/wp-json\/wp\/v2\/pages\/224\/revisions"}],"predecessor-version":[{"id":1036,"href":"https:\/\/danielafinke.de\/en\/wp-json\/wp\/v2\/pages\/224\/revisions\/1036"}],"up":[{"embeddable":true,"href":"https:\/\/danielafinke.de\/en\/wp-json\/wp\/v2\/pages\/222"}],"wp:attachment":[{"href":"https:\/\/danielafinke.de\/en\/wp-json\/wp\/v2\/media?parent=224"}],"curies":[{"name":"wp","href":"https:\/\/api.w.org\/{rel}","templated":true}]}}