{"id":835,"date":"2022-05-03T14:01:47","date_gmt":"2022-05-03T12:01:47","guid":{"rendered":"https:\/\/web.danielafinke.de\/?page_id=835"},"modified":"2022-05-22T14:19:46","modified_gmt":"2022-05-22T12:19:46","slug":"dance-of-the-stars-behind-the-scenes","status":"publish","type":"page","link":"https:\/\/danielafinke.de\/en\/dance-of-the-stars-behind-the-scenes\/","title":{"rendered":"Dance of the Stars behind the scenes EN"},"content":{"rendered":"<p><strong>Daniela Finke &#8211; <em>A Dance of Abstraction<\/em> und <em>A Dance of the Stars<\/em><\/strong><\/p>\n<p>In ihren Bildserien <em>Dance of Abstraction<\/em> und <em>Dance of the Stars<\/em> bezieht sich Daniela Finke auf Ikonen moderner und postmoderner Architektur: Mies van der Rohes <em>Barcelona-Pavillon,<\/em> Frank Lloyd Wrights <em>Falling Water<\/em>, Hans Scharouns Geb\u00e4ude in der Wei\u00dfenhof-Siedlung oder verschiedene Motive des Bauhauses \u2013 aber auch Architekturen von Zaha Hadid, Renzo Piano oder Frank Gehry erscheinen in den Bildern ganz anders als in den traditionellen Architekturfotografien, durch die diese Bauten zum Inbegriff ihrer historischen Bedeutung werden.<\/p>\n<p>In Finkes Aufnahmen hingegen w\u00e4ren sie ohne die Hinweise in den Bildtiteln auf den ersten Blick kaum zu identifizieren. Ihre strengen, exakt auf ihre r\u00e4umliche Wirkung kalkulierten Formen verschwimmen hier, sind in Bewegung geraten und l\u00f6sen sich in abstrakten, leuchtenden Farbschemen und Lichtreflexionen auf. \u00c4hnlich wie in ihrer Serie <em>Ausgesetzt\/ Discarded<\/em> wirken die \u00e4u\u00dferen Formen verlebendigt, ein flie\u00dfend-dynamisches Innenleben der historischen Objekte ist leuchtend hervorgekehrt.<\/p>\n<p>So wie Finke in ihren Serien zu lebendigen K\u00f6rpern wie <em>Baywatch <\/em>oder <em>A Present from the Past<\/em> durch Reduktion der Formen Strukturen des Lebendigen sichtbar zu machen sucht, legt sie in den architektonischen Strukturen eine tanzende Gegenwart frei, die hinter ihrem ikonisch-modernistischen Formbewusstsein verschwunden ist.<\/p>\n","protected":false},"excerpt":{"rendered":"<p>Daniela Finke &#8211; A Dance of Abstraction und A Dance of the Stars In ihren Bildserien Dance of Abstraction und Dance of the Stars bezieht sich Daniela Finke auf Ikonen moderner und postmoderner Architektur: Mies van der Rohes Barcelona-Pavillon, Frank Lloyd Wrights Falling Water, Hans Scharouns Geb\u00e4ude in der Wei\u00dfenhof-Siedlung oder verschiedene Motive des Bauhauses &#8230; <\/p>\n","protected":false},"author":3,"featured_media":0,"parent":0,"menu_order":2,"comment_status":"closed","ping_status":"closed","template":"","meta":{"footnotes":""},"class_list":["post-835","page","type-page","status-publish","hentry"],"_links":{"self":[{"href":"https:\/\/danielafinke.de\/en\/wp-json\/wp\/v2\/pages\/835","targetHints":{"allow":["GET"]}}],"collection":[{"href":"https:\/\/danielafinke.de\/en\/wp-json\/wp\/v2\/pages"}],"about":[{"href":"https:\/\/danielafinke.de\/en\/wp-json\/wp\/v2\/types\/page"}],"author":[{"embeddable":true,"href":"https:\/\/danielafinke.de\/en\/wp-json\/wp\/v2\/users\/3"}],"replies":[{"embeddable":true,"href":"https:\/\/danielafinke.de\/en\/wp-json\/wp\/v2\/comments?post=835"}],"version-history":[{"count":6,"href":"https:\/\/danielafinke.de\/en\/wp-json\/wp\/v2\/pages\/835\/revisions"}],"predecessor-version":[{"id":849,"href":"https:\/\/danielafinke.de\/en\/wp-json\/wp\/v2\/pages\/835\/revisions\/849"}],"wp:attachment":[{"href":"https:\/\/danielafinke.de\/en\/wp-json\/wp\/v2\/media?parent=835"}],"curies":[{"name":"wp","href":"https:\/\/api.w.org\/{rel}","templated":true}]}}